{"id":182,"date":"2023-06-21T08:07:11","date_gmt":"2023-06-21T08:07:11","guid":{"rendered":"https:\/\/anninkioski.fi\/?post_type=product&#038;p=182"},"modified":"2023-06-21T09:59:11","modified_gmt":"2023-06-21T09:59:11","slug":"puhdistusvaahto","status":"publish","type":"product","link":"https:\/\/anninkioski.fi\/index.php\/tuote\/puhdistusvaahto\/","title":{"rendered":"Puhdistusvaahto"},"content":{"rendered":"<p><img decoding=\"async\" loading=\"lazy\" class=\"alignnone size-medium wp-image-183\" src=\"https:\/\/anninkioski.fi\/wp-content\/uploads\/2023\/06\/puhdistusvaahto-225x300.jpg\" alt=\"\" width=\"225\" height=\"300\" srcset=\"https:\/\/anninkioski.fi\/wp-content\/uploads\/2023\/06\/puhdistusvaahto-225x300.jpg 225w, https:\/\/anninkioski.fi\/wp-content\/uploads\/2023\/06\/puhdistusvaahto-scaled-600x800.jpg 600w, https:\/\/anninkioski.fi\/wp-content\/uploads\/2023\/06\/puhdistusvaahto-768x1024.jpg 768w, https:\/\/anninkioski.fi\/wp-content\/uploads\/2023\/06\/puhdistusvaahto-1152x1536.jpg 1152w, https:\/\/anninkioski.fi\/wp-content\/uploads\/2023\/06\/puhdistusvaahto-1536x2048.jpg 1536w, https:\/\/anninkioski.fi\/wp-content\/uploads\/2023\/06\/puhdistusvaahto-1320x1760.jpg 1320w, https:\/\/anninkioski.fi\/wp-content\/uploads\/2023\/06\/puhdistusvaahto-scaled.jpg 1920w\" sizes=\"(max-width: 225px) 100vw, 225px\" \/><\/p>\n","protected":false},"excerpt":{"rendered":"<p><strong>Tuotetiedot<\/strong><br \/>\nTehokas, mutta hell\u00e4varainen puhdistusvaahto rasvoittuvalle iholle sek\u00e4 ripsienpidennysten puhdistamiseen. Tuote ei sis\u00e4ll\u00e4 liottavia \u00f6ljyj\u00e4 ja se poistaa ripsienpidennyksist\u00e4 tehokkaasti rasvaa ja muita ep\u00e4puhtauksia. Tuote poistaa my\u00f6s tehokkaasti kaikki meikit koko kasvoilta. Tuotteessa on raikas sitruunan tuoksu. Mukaan kuuluu ripsienpuhdistusharja.<\/p>\n<p>99% luonnollisista ainesosia.<br \/>\n100ml<\/p>\n<p>K\u00e4ytt\u00f6:<br \/>\nPuhdistusvaahto kasvoille. Levit\u00e4 1-2 pumppausta kuivalle iholle py\u00f6ritellen n. 30s ajan. Lis\u00e4\u00e4 vett\u00e4 ja vaahdota. Huuhtele vedell\u00e4. Viimeistele hoito kasvosuihkeella.<\/p>\n<p>Ingredients:<br \/>\nWater (Aqua), Decyl Glucoside, Cocomidi-propyl Betaine, Propanediol, Glycerin, Gypsophila Paniculata Root Extract, Pantylene Glycol, Sodium Benzoate, Benzoic Acid, Lactic Acid, Phenethyl Alcohol, Capryryl Glycol, Polyglyceryl-4 Laurate\/Sebacate, Polyglyceryl-6 Caprylate\/Caprate, Fragrance (Parfym)<\/p>\n<p>Made in EU<\/p>\n","protected":false},"featured_media":183,"comment_status":"open","ping_status":"closed","template":"","meta":{"neve_meta_sidebar":"","neve_meta_container":"","neve_meta_enable_content_width":"off","neve_meta_content_width":100,"neve_meta_title_alignment":"","neve_meta_author_avatar":"","neve_post_elements_order":"","neve_meta_disable_header":"","neve_meta_disable_footer":"","neve_meta_disable_title":""},"product_cat":[18],"product_tag":[24,21,19,22,23,20],"_links":{"self":[{"href":"https:\/\/anninkioski.fi\/index.php\/wp-json\/wp\/v2\/product\/182"}],"collection":[{"href":"https:\/\/anninkioski.fi\/index.php\/wp-json\/wp\/v2\/product"}],"about":[{"href":"https:\/\/anninkioski.fi\/index.php\/wp-json\/wp\/v2\/types\/product"}],"replies":[{"embeddable":true,"href":"https:\/\/anninkioski.fi\/index.php\/wp-json\/wp\/v2\/comments?post=182"}],"wp:featuredmedia":[{"embeddable":true,"href":"https:\/\/anninkioski.fi\/index.php\/wp-json\/wp\/v2\/media\/183"}],"wp:attachment":[{"href":"https:\/\/anninkioski.fi\/index.php\/wp-json\/wp\/v2\/media?parent=182"}],"wp:term":[{"taxonomy":"product_cat","embeddable":true,"href":"https:\/\/anninkioski.fi\/index.php\/wp-json\/wp\/v2\/product_cat?post=182"},{"taxonomy":"product_tag","embeddable":true,"href":"https:\/\/anninkioski.fi\/index.php\/wp-json\/wp\/v2\/product_tag?post=182"}],"curies":[{"name":"wp","href":"https:\/\/api.w.org\/{rel}","templated":true}]}}