{"id":189,"date":"2023-06-21T10:18:48","date_gmt":"2023-06-21T10:18:48","guid":{"rendered":"https:\/\/anninkioski.fi\/?post_type=product&#038;p=189"},"modified":"2023-06-21T10:19:58","modified_gmt":"2023-06-21T10:19:58","slug":"ripsi-kulmaseerumi","status":"publish","type":"product","link":"https:\/\/anninkioski.fi\/index.php\/tuote\/ripsi-kulmaseerumi\/","title":{"rendered":"Ripsi-\/kulmaseerumi"},"content":{"rendered":"<p><img decoding=\"async\" loading=\"lazy\" class=\"alignnone size-medium wp-image-184\" src=\"https:\/\/anninkioski.fi\/wp-content\/uploads\/2023\/06\/ripsiseerumi-225x300.jpg\" alt=\"\" width=\"225\" height=\"300\" \/><\/p>\n","protected":false},"excerpt":{"rendered":"<p><strong>Lash Serum, hoitoseerumi ripsille ja kulmakarvoille 10ml<\/strong><br \/>\nTuotetiedot<br \/>\nKotimaassa valmistettu, risiini\u00f6ljy\u00e4 sis\u00e4lt\u00e4v\u00e4 tehokas seerumi ripsille ja kulmakarvoille. Tuote on suunniteltu k\u00e4ytett\u00e4v\u00e4ksi erityisesti ripsien kestotaivutuksen tai kulmien laminoinnin j\u00e4lkeen. Se toimii my\u00f6s erinomaisena ravinnehoitona hennoille karvoille.<\/p>\n<p>Risiini\u00f6ljy on tunnetusti karvojen kasvua ja keratiinin hyvinvointia edist\u00e4v\u00e4 aine. Tuotteessa oleva glyseriini kosteuttaa tehokkaasti ja aloe vera toimii ravinteita ja lis\u00e4kosteutta tuovana lis\u00e4n\u00e4. Sis\u00e4lt\u00e4\u00e4 my\u00f6s ravitsevaa e-vitamiinia.<\/p>\n<p>K\u00e4ytt\u00f6:<br \/>\nLash Serum 10ml<br \/>\nHarja on suunniteltu niin, ett\u00e4 geeli tarttuu sen p\u00e4\u00e4h\u00e4n, jolla tuotteen levitt\u00e4minen ripsiin ja kulmiin on helppoa. T\u00e4m\u00e4n j\u00e4lkeen harjan keskiosalla, joka on paksumpi ja kuiva geelist\u00e4, levitet\u00e4\u00e4n geeli karvoihin tasaisesti. N\u00e4in tuotetta ei tule liikaa kerralla ja sen levitt\u00e4minen ei muodosta paakkuja.<\/p>\n<p>Tuote edist\u00e4\u00e4 karvojen kasvua ja tekee niist\u00e4 hyv\u00e4kuntoiset. Soveltuu p\u00e4ivitt\u00e4iseen k\u00e4ytt\u00f6\u00f6n.<\/p>\n<p>Tuote sis\u00e4lt\u00e4\u00e4 98% luonnollisia raaka-aineita.<\/p>\n<p>Indgredients: Aqua (Water), Glycerine (Veg), Ricinus communis (Castor) Seed Oil, Carbomer, Polysorbate 20, Aloe barbadensis (Aloe vera) leaf powder, Tocopherol, Phenoxyethanol, Ethylhexyglycerin<\/p>\n<p>Made in FINLAND<\/p>\n","protected":false},"featured_media":184,"comment_status":"open","ping_status":"closed","template":"","meta":{"neve_meta_sidebar":"","neve_meta_container":"","neve_meta_enable_content_width":"off","neve_meta_content_width":100,"neve_meta_title_alignment":"","neve_meta_author_avatar":"","neve_post_elements_order":"","neve_meta_disable_header":"","neve_meta_disable_footer":"","neve_meta_disable_title":""},"product_cat":[18],"product_tag":[28,26,27,22,25],"_links":{"self":[{"href":"https:\/\/anninkioski.fi\/index.php\/wp-json\/wp\/v2\/product\/189"}],"collection":[{"href":"https:\/\/anninkioski.fi\/index.php\/wp-json\/wp\/v2\/product"}],"about":[{"href":"https:\/\/anninkioski.fi\/index.php\/wp-json\/wp\/v2\/types\/product"}],"replies":[{"embeddable":true,"href":"https:\/\/anninkioski.fi\/index.php\/wp-json\/wp\/v2\/comments?post=189"}],"wp:featuredmedia":[{"embeddable":true,"href":"https:\/\/anninkioski.fi\/index.php\/wp-json\/wp\/v2\/media\/184"}],"wp:attachment":[{"href":"https:\/\/anninkioski.fi\/index.php\/wp-json\/wp\/v2\/media?parent=189"}],"wp:term":[{"taxonomy":"product_cat","embeddable":true,"href":"https:\/\/anninkioski.fi\/index.php\/wp-json\/wp\/v2\/product_cat?post=189"},{"taxonomy":"product_tag","embeddable":true,"href":"https:\/\/anninkioski.fi\/index.php\/wp-json\/wp\/v2\/product_tag?post=189"}],"curies":[{"name":"wp","href":"https:\/\/api.w.org\/{rel}","templated":true}]}}