{"id":190,"date":"2023-06-21T10:30:01","date_gmt":"2023-06-21T10:30:01","guid":{"rendered":"https:\/\/anninkioski.fi\/?post_type=product&#038;p=190"},"modified":"2023-06-21T10:39:57","modified_gmt":"2023-06-21T10:39:57","slug":"kynsinauhaoljy-lemon-pie","status":"publish","type":"product","link":"https:\/\/anninkioski.fi\/index.php\/tuote\/kynsinauhaoljy-lemon-pie\/","title":{"rendered":"Kynsinauha\u00f6ljy, Lemon Pie"},"content":{"rendered":"<p><img decoding=\"async\" loading=\"lazy\" class=\"alignnone size-medium wp-image-185\" src=\"https:\/\/anninkioski.fi\/wp-content\/uploads\/2023\/06\/kynsinauhaoljy-225x300.jpg\" alt=\"\" width=\"225\" height=\"300\" srcset=\"https:\/\/anninkioski.fi\/wp-content\/uploads\/2023\/06\/kynsinauhaoljy-225x300.jpg 225w, https:\/\/anninkioski.fi\/wp-content\/uploads\/2023\/06\/kynsinauhaoljy-scaled-600x800.jpg 600w, https:\/\/anninkioski.fi\/wp-content\/uploads\/2023\/06\/kynsinauhaoljy-scaled.jpg 1920w\" sizes=\"(max-width: 225px) 100vw, 225px\" \/><\/p>\n","protected":false},"excerpt":{"rendered":"<p>Kynsinauha\u00f6ljy-kyn\u00e4 3ml, Lemon Pie<\/p>\n<p>Tuotetiedot<br \/>\nHelppoa hoitoa kynsinauhoille!<\/p>\n<p>K\u00e4tev\u00e4ss\u00e4 kyn\u00e4ss\u00e4 oleva hoito\u00f6ljy kynsinauhoille. Tuotteessa oleva manteli\u00f6ljy toimii tehokkaana kosteuttajana ja e-vitamiini ravitsee ihoa. Tuoksuna raikas sitruunapiirakka.<\/p>\n<p>Lemon Pie Cuticle Oil: Prunus Amygdalus Dulcis (Sweet Almond) oil, Parfum (fragrance), Tocopherol acetate (Vitamin E), Linalool<\/p>\n","protected":false},"featured_media":185,"comment_status":"open","ping_status":"closed","template":"","meta":{"neve_meta_sidebar":"","neve_meta_container":"","neve_meta_enable_content_width":"off","neve_meta_content_width":100,"neve_meta_title_alignment":"","neve_meta_author_avatar":"","neve_post_elements_order":"","neve_meta_disable_header":"","neve_meta_disable_footer":"","neve_meta_disable_title":""},"product_cat":[18],"product_tag":[28,32,29,30,31,33],"_links":{"self":[{"href":"https:\/\/anninkioski.fi\/index.php\/wp-json\/wp\/v2\/product\/190"}],"collection":[{"href":"https:\/\/anninkioski.fi\/index.php\/wp-json\/wp\/v2\/product"}],"about":[{"href":"https:\/\/anninkioski.fi\/index.php\/wp-json\/wp\/v2\/types\/product"}],"replies":[{"embeddable":true,"href":"https:\/\/anninkioski.fi\/index.php\/wp-json\/wp\/v2\/comments?post=190"}],"wp:featuredmedia":[{"embeddable":true,"href":"https:\/\/anninkioski.fi\/index.php\/wp-json\/wp\/v2\/media\/185"}],"wp:attachment":[{"href":"https:\/\/anninkioski.fi\/index.php\/wp-json\/wp\/v2\/media?parent=190"}],"wp:term":[{"taxonomy":"product_cat","embeddable":true,"href":"https:\/\/anninkioski.fi\/index.php\/wp-json\/wp\/v2\/product_cat?post=190"},{"taxonomy":"product_tag","embeddable":true,"href":"https:\/\/anninkioski.fi\/index.php\/wp-json\/wp\/v2\/product_tag?post=190"}],"curies":[{"name":"wp","href":"https:\/\/api.w.org\/{rel}","templated":true}]}}