{"id":201,"date":"2023-06-21T16:06:17","date_gmt":"2023-06-21T16:06:17","guid":{"rendered":"https:\/\/anninkioski.fi\/?post_type=product&#038;p=201"},"modified":"2023-06-21T16:14:30","modified_gmt":"2023-06-21T16:14:30","slug":"press-on-kynnet-valkoinen","status":"publish","type":"product","link":"https:\/\/anninkioski.fi\/index.php\/tuote\/press-on-kynnet-valkoinen\/","title":{"rendered":"Press on -kynnet, valkoinen"},"content":{"rendered":"<p><img decoding=\"async\" loading=\"lazy\" class=\"alignnone size-medium wp-image-193\" src=\"https:\/\/anninkioski.fi\/wp-content\/uploads\/2023\/06\/valkoisetkynnet-225x300.jpg\" alt=\"\" width=\"225\" height=\"300\" srcset=\"https:\/\/anninkioski.fi\/wp-content\/uploads\/2023\/06\/valkoisetkynnet-225x300.jpg 225w, https:\/\/anninkioski.fi\/wp-content\/uploads\/2023\/06\/valkoisetkynnet-scaled-600x800.jpg 600w, https:\/\/anninkioski.fi\/wp-content\/uploads\/2023\/06\/valkoisetkynnet-scaled.jpg 1920w\" sizes=\"(max-width: 225px) 100vw, 225px\" \/><\/p>\n","protected":false},"excerpt":{"rendered":"<p>Press on -kynnet ovat luonnonkynteen kiinnitett\u00e4vi\u00e4 irtokynsi\u00e4. Kynnet voidaan kiinnitt\u00e4\u00e4 joko kynsiliimalla tai kiinnitystarroilla. Press on -kynnet tehd\u00e4\u00e4n k\u00e4sin, jonka vuoksi ne ovat kest\u00e4v\u00e4mm\u00e4t ja pitk\u00e4ik\u00e4isemm\u00e4t kuin tekokynnet. Jokaisiin kynsiin kuuluu pakkaus, jossa on kaikki tarvittavat v\u00e4lineet kynsien asentamiseen. (Kynsiviila, appelsiinipuutikku, desinfiointilappu sek\u00e4 kynsiliima ja kiinnitystarrat)<br \/>\nKynsiliima kest\u00e4\u00e4 yleens\u00e4 hieman enemm\u00e4n rasitusta, kuin kiinnitystarrat ja kynnet pysyv\u00e4t paikallaan tarvittavan ajan, kunnes ne irroitetaan. Liima sopii parhaiten silloin, kun kynsi\u00e4 haluaa pit\u00e4\u00e4 hieman kauemmin.<br \/>\nKiinnitystarrat sopivat esimerkiksi juhliin, joiden j\u00e4lkeen kynnet tulisi saada irroitettua helpommin. Kynnet voi kiinnitt\u00e4\u00e4 lukemattomia kertoja uudelleen, sill\u00e4 tarroja voi ostaa aina lis\u00e4\u00e4.<\/p>\n","protected":false},"featured_media":193,"comment_status":"open","ping_status":"closed","template":"","meta":{"neve_meta_sidebar":"","neve_meta_container":"","neve_meta_enable_content_width":"off","neve_meta_content_width":100,"neve_meta_title_alignment":"","neve_meta_author_avatar":"","neve_post_elements_order":"","neve_meta_disable_header":"","neve_meta_disable_footer":"","neve_meta_disable_title":""},"product_cat":[18,38],"product_tag":[37],"_links":{"self":[{"href":"https:\/\/anninkioski.fi\/index.php\/wp-json\/wp\/v2\/product\/201"}],"collection":[{"href":"https:\/\/anninkioski.fi\/index.php\/wp-json\/wp\/v2\/product"}],"about":[{"href":"https:\/\/anninkioski.fi\/index.php\/wp-json\/wp\/v2\/types\/product"}],"replies":[{"embeddable":true,"href":"https:\/\/anninkioski.fi\/index.php\/wp-json\/wp\/v2\/comments?post=201"}],"wp:featuredmedia":[{"embeddable":true,"href":"https:\/\/anninkioski.fi\/index.php\/wp-json\/wp\/v2\/media\/193"}],"wp:attachment":[{"href":"https:\/\/anninkioski.fi\/index.php\/wp-json\/wp\/v2\/media?parent=201"}],"wp:term":[{"taxonomy":"product_cat","embeddable":true,"href":"https:\/\/anninkioski.fi\/index.php\/wp-json\/wp\/v2\/product_cat?post=201"},{"taxonomy":"product_tag","embeddable":true,"href":"https:\/\/anninkioski.fi\/index.php\/wp-json\/wp\/v2\/product_tag?post=201"}],"curies":[{"name":"wp","href":"https:\/\/api.w.org\/{rel}","templated":true}]}}